{"id":565,"date":"2021-06-16T19:13:09","date_gmt":"2021-06-16T19:13:09","guid":{"rendered":"http:\/\/hnr2021.historicalnetworkresearch.org\/?page_id=565"},"modified":"2021-06-21T12:43:52","modified_gmt":"2021-06-21T12:43:52","slug":"networks-from-archives-reconstructing-networks-of-official-correspondence-in-the-early-modern-portuguese-empire","status":"publish","type":"page","link":"http:\/\/hnr2021.historicalnetworkresearch.org\/?page_id=565","title":{"rendered":"Networks from archives: reconstructing networks of official correspondence in the early modern Portuguese Empire"},"content":{"rendered":"\n<h2 style=\"text-align:center\">Demival Vasques Filho<\/h2>\n\n\n\n<p class=\"box\"><strong>Time and Place:<\/strong> Friday, 02.07., 10:55\u201311:15, Room 1<br><strong>Session:<\/strong> Networks and Power<\/p>\n\n\n\n<p><strong>Keywords:<\/strong> Portuguese empire; Correspondence networks; Social networks; Natural language processing <\/p>\n\n\n\n<p>The history of the early modern Portuguese colonial empire has been debated over the last\u00a0decades in the Luso-Portuguese academia. The characterization of the empire as based on political dependence of the periphery on the metropolis, widely propagated in the historiography of the second half of the twentieth century, is being currently contested by the theory of multi continental monarchy. This theory emphasizes the role of different political and administrative networks within the overseas empire and stresses the agreements made by the local nobility\u00a0representing municipal chambers with the Crown. The dialogue, negotiation, and competition provided the basis for those relations (Fragoso and de Sampaio, 2012).<\/p>\n\n\n\n<p>Our purpose in this work is to provide the means for investigating the global dynamics of the colonial Portuguese empire and to advance debates about the multi-continental monarchy. Early-modern correspondence networks can reflect a long-distance construction of social ties. Letters reveal how individuals shaped networks, constructed their social environment and\u00a0connected with others. Besides, they enable to link &#8222;micro-level practices to macro-level\u00a0institutional developments&#8220; to better understand the administrative changes and emergence of\u00a0the state (McLean, 2007). We intend to make visible the key protagonists of the empire and analyze their relations with other social actors. By reconstructing the existing relations between the Iberian centre and its colonies, we expand the current image of the early modern Atlantic world and explore the global Portuguese empire as a networked society.\u00a0<\/p>\n\n\n\n<p>For that, we combine the traditional historiography with network analysis based on records of the official communication in the early modern Portuguese Empire. These documents are part\u00a0of a collection stored in the Arquivo Hist\u00f3rico Ultramarino de Lisboa (Portuguese Overseas Archives in Lisbon), the heir of the Conselho Ultramarino (Overseas Council) active between 1642- 1833, and of the Secretaria do Estado da Marinha e Ultramar (Secretariat of State for the Navy and the Ultramarine Domains), active between 1736-1833, in addition to documentation inherited from the Treasury Council. Our documents sources are unstructured transcriptions of the original official correspondence exchanged between the Lisbon metropolis and its Atlantic overseas\u00a0colonies. Then, before being able to perform network analysis we first had to turn these archival data into network data.<\/p>\n\n\n\n<p>The dataset consists of 169,221 documents of which we identified and extracted key information as, for instance, who were the senders and recipients, locations, occupations in the\u00a0empire (e.g. king, governor, soldier), nobility titles, and civil, military and religious institutions. To\u00a0accomplish this, we used a series of techniques. First, we created a random sample corresponding\u00a0to 2.5\\% of the total number of documents. Second, we annotated this sample according to the aforementioned information we were interested in extracting. Third, we trained a Named Entity Recognition (NER) model using the annotated data. Fourth, we extracted metadata and text\u00a0patterns of all documents using regular expressions. Fifth, we parsed the NER to extract the entities present in these documents. Sixth, with the entities and text patterns extracted, we\u00a0identified senders and recipients of the letters. Seventh, we ran a sequence comparing algorithm for fixing duplicates and typos.<\/p>\n\n\n\n<p>With the network data in hand, we built temporal directed networks (with edges pointing from sender to recipient) across two centuries and the reign of nine monarchs. Two of these\u00a0networks are shown in Figure 1. We notice that many different colonial residents could contact or petition to Lisbon. However, the colonial governors and secretaries were most active, especially during the reign of Joseph I. We can notice a visible transition between the administrations of these two monarchs. The evolution in the network structure emphasizes the gained importance of governor and secretary roles as gatekeepers, who connected different parts of the colonial social system, supporting the concept of multi-continental monarchy.\u00a0<\/p>\n\n\n\n<div class=\"wp-block-image\"><figure class=\"aligncenter\"><a href=\"http:\/\/hnr2021.historicalnetworkresearch.org\/wp-content\/uploads\/2021\/06\/Graphik-53.jpg\"><img decoding=\"async\" loading=\"lazy\" width=\"826\" height=\"420\" src=\"http:\/\/hnr2021.historicalnetworkresearch.org\/wp-content\/uploads\/2021\/06\/Graphik-53.jpg\" alt=\"\" class=\"wp-image-566\" srcset=\"http:\/\/hnr2021.historicalnetworkresearch.org\/wp-content\/uploads\/2021\/06\/Graphik-53.jpg 826w, http:\/\/hnr2021.historicalnetworkresearch.org\/wp-content\/uploads\/2021\/06\/Graphik-53-300x153.jpg 300w, http:\/\/hnr2021.historicalnetworkresearch.org\/wp-content\/uploads\/2021\/06\/Graphik-53-768x391.jpg 768w, http:\/\/hnr2021.historicalnetworkresearch.org\/wp-content\/uploads\/2021\/06\/Graphik-53-800x407.jpg 800w\" sizes=\"(max-width: 826px) 100vw, 826px\" \/><\/a><figcaption>Figure 1: Communication networks during the reign of John V (left), and Joseph I (right). Red nodes are the monarch (in the center of the red arc) and its respective ego-network, showing that citizens of the whole empire could reach the monarch directly. Other high degree nodes correspond to government officials acting like hubs. These are mostly secretaries and governors.<\/figcaption><\/figure><\/div>\n\n\n\n<p><strong>References<\/strong><\/p>\n\n\n\n<p>Jo\u00e3o Lu\u00eds Ribeiro Fragoso and Antonio Carlos Juc\u00e1 de Sampaio. Monarquia pluricontinental e a governan\u00e7a da terra no ultramar atl\u00e2ntico luso: S\u00e9culos XVI-XVIII. Mauad X, 2012. Paul D. McLean. The art of the network: Strategic interaction and patronage in renaissance Florence. Duke University Press, 2007.<\/p>\n","protected":false},"excerpt":{"rendered":"<p>Demival Vasques Filho Time and Place: Friday, 02.07., 10:55\u201311:15, Room 1Session: Networks and Power Keywords: Portuguese empire; Correspondence networks; Social networks; Natural language processing The history of the early modern Portuguese colonial empire has been debated over the last\u00a0decades in the Luso-Portuguese academia. The characterization of the empire as based on political dependence of the periphery on the metropolis, widely<\/p>\n<p><a class=\"more-link\" href=\"http:\/\/hnr2021.historicalnetworkresearch.org\/?page_id=565\">Weiterlesen<\/a><\/p>\n","protected":false},"author":1,"featured_media":0,"parent":98,"menu_order":0,"comment_status":"closed","ping_status":"closed","template":"","meta":[],"_links":{"self":[{"href":"http:\/\/hnr2021.historicalnetworkresearch.org\/index.php?rest_route=\/wp\/v2\/pages\/565"}],"collection":[{"href":"http:\/\/hnr2021.historicalnetworkresearch.org\/index.php?rest_route=\/wp\/v2\/pages"}],"about":[{"href":"http:\/\/hnr2021.historicalnetworkresearch.org\/index.php?rest_route=\/wp\/v2\/types\/page"}],"author":[{"embeddable":true,"href":"http:\/\/hnr2021.historicalnetworkresearch.org\/index.php?rest_route=\/wp\/v2\/users\/1"}],"replies":[{"embeddable":true,"href":"http:\/\/hnr2021.historicalnetworkresearch.org\/index.php?rest_route=%2Fwp%2Fv2%2Fcomments&post=565"}],"version-history":[{"count":4,"href":"http:\/\/hnr2021.historicalnetworkresearch.org\/index.php?rest_route=\/wp\/v2\/pages\/565\/revisions"}],"predecessor-version":[{"id":640,"href":"http:\/\/hnr2021.historicalnetworkresearch.org\/index.php?rest_route=\/wp\/v2\/pages\/565\/revisions\/640"}],"up":[{"embeddable":true,"href":"http:\/\/hnr2021.historicalnetworkresearch.org\/index.php?rest_route=\/wp\/v2\/pages\/98"}],"wp:attachment":[{"href":"http:\/\/hnr2021.historicalnetworkresearch.org\/index.php?rest_route=%2Fwp%2Fv2%2Fmedia&parent=565"}],"curies":[{"name":"wp","href":"https:\/\/api.w.org\/{rel}","templated":true}]}}