{"id":555,"date":"2021-06-16T18:32:21","date_gmt":"2021-06-16T18:32:21","guid":{"rendered":"http:\/\/hnr2021.historicalnetworkresearch.org\/?page_id=555"},"modified":"2021-06-29T16:35:01","modified_gmt":"2021-06-29T16:35:01","slug":"scholars-institutions-and-scholars-networks-of-cultural-memory-production-in-serbian-medieval-studies-since-the-nineteenth-century","status":"publish","type":"page","link":"http:\/\/hnr2021.historicalnetworkresearch.org\/?page_id=555","title":{"rendered":"Scholars, Institutions and Scholars. Networks of Cultural Memory Production in Serbian Medieval Studies since the Nineteenth Century"},"content":{"rendered":"\n<h2 style=\"text-align:center\">Stefan Trajkovic Filipovic<\/h2>\n\n\n\n<p class=\"box\"><strong>Place and Time: <\/strong>Thursday, 01.07., 16:00\u201317:00, Room 1<br><strong>Session:<\/strong> Poster Session &#8211; Institutions and Institutionalisation<\/p>\n\n\n\n<p><strong>Keywords: <\/strong>History of scholarship; Serbian medieval studies; Cultural memory; Memory agents; Bi-modal networks; Dual-projection approach<\/p>\n\n\n\n<div class=\"wp-block-image\"><figure class=\"aligncenter\"><a href=\"http:\/\/hnr2021.historicalnetworkresearch.org\/wp-content\/uploads\/2021\/06\/HNR2021Poster_Trajkovic-Filipovic.jpg\"><img decoding=\"async\" loading=\"lazy\" width=\"1024\" height=\"724\" src=\"http:\/\/hnr2021.historicalnetworkresearch.org\/wp-content\/uploads\/2021\/06\/HNR2021Poster_Trajkovic-Filipovic-1024x724.jpg\" alt=\"\" class=\"wp-image-701\" srcset=\"http:\/\/hnr2021.historicalnetworkresearch.org\/wp-content\/uploads\/2021\/06\/HNR2021Poster_Trajkovic-Filipovic-1024x724.jpg 1024w, http:\/\/hnr2021.historicalnetworkresearch.org\/wp-content\/uploads\/2021\/06\/HNR2021Poster_Trajkovic-Filipovic-300x212.jpg 300w, http:\/\/hnr2021.historicalnetworkresearch.org\/wp-content\/uploads\/2021\/06\/HNR2021Poster_Trajkovic-Filipovic-768x543.jpg 768w, http:\/\/hnr2021.historicalnetworkresearch.org\/wp-content\/uploads\/2021\/06\/HNR2021Poster_Trajkovic-Filipovic-800x566.jpg 800w, http:\/\/hnr2021.historicalnetworkresearch.org\/wp-content\/uploads\/2021\/06\/HNR2021Poster_Trajkovic-Filipovic.jpg 1121w\" sizes=\"(max-width: 1024px) 100vw, 1024px\" \/><\/a><figcaption>   <\/figcaption><\/figure><\/div>\n\n\n\n<div class=\"wp-block-file\">Download the poster as PDF: <a href=\"http:\/\/hnr2021.historicalnetworkresearch.org\/wp-content\/uploads\/2021\/06\/HNR2021Poster_Trajkovic-Filipovic.pdf\">HNR2021Poster_Trajkovic-Filipovic<\/a><\/div>\n\n\n\n<p>This poster presentation approaches the production of cultural memory of Middle Ages,&nbsp; understood as an entanglement of cultural memory agents &#8211; specialist memory makers and&nbsp; institutions (Assmann 2008). Remembering the Middle Ages has been an important aspect of&nbsp; ideological mobilization in the modern and contemporary European history, with scholars acting&nbsp; as distinguished memory makers. The research focuses on medievalists dealing with Serbian&nbsp; medieval history since the nineteenth century, observed as nodes in a network relative to their&nbsp; institutional engagement, providing insights into the dynamics of the selected scholarship and&nbsp; revealing relevant agents contributing to the continuous production of knowledge\/cultural&nbsp; memory. The research aims to develop a network model offering a relational perspective on the&nbsp; history of scholarship and complementing other network models.<br><br>Data, obtained from the Encyclopedia of Serbian Historiography (\u0106irkovi\u0107, Mihalj\u010di\u0107 1997),&nbsp; contains 214 scholars born between 1800 and 1960 and institutions of their education and work.&nbsp; The data-set is further expanded with lists of publishers scholars published with, obtained from&nbsp; bibliographic entries (https:\/\/www.cobiss.net\/ &#8211; regional integrated library catalogs). Starting from&nbsp; the interactions-affiliations networks, approaching actors based on their physical\/ideal presence&nbsp; at the same space-time, I work towards a bi-modal network of individuals participating in&nbsp; collective endeavors (Haas, Malang 2010). Data is organized into a relational database, connecting&nbsp; scholars with institutions (work, education, publishing). Distributing the scholars into six&nbsp; generations addresses data\u2019s temporal aspect, offering a balanced distribution (number of&nbsp; scholars steadily increasing over generations). Using Gephi, the database is made into undirected,&nbsp; non-weighted bi-modal networks of scholars\/institutions (nodes) and institutional engagements&nbsp; (edges), and further converted into projections with Multimode Network Transformation plugin.&nbsp; Projections turn a bi-modal network into two one-modal networks, making one node type from&nbsp; the bi-modal original into an edge (Everett 2016). I focus on the projection in which institutions&nbsp; become edges, connecting scholars through shared involvement within the same generation. I&nbsp; calculate centrality (degree and weighted degree, as edges gain weight in projections) and&nbsp; visualize communities. The (weighted) degree centrality acts as a local network property,&nbsp; reflecting its importance when basing the quality of edges on theoretical considerations&nbsp; (Mutschke 2010), as well as the individuals\u2019 limited perspective regarding their effect in a network&nbsp; (Lemercier 2011). Communities\u2019 visualizations allow visual inspection and evaluate networks&nbsp; based on their number. Finally, I compare the projection results to the results of the same&nbsp; calculations\/visualizations for the bi-modal original.&nbsp;<br><br>The research combines a relational database of memory agents with dual-projection approach,&nbsp; offering new perspectives on the dynamics of knowledge\/cultural memory production and&nbsp;complementing future\/existing network models (e.g. citation network). The poster presents&nbsp; chronologically arranged visualizations for each generation of scholars, both for the bi-modal&nbsp; originals and projections, with corresponding metrics, revealing the differences in&nbsp; centrality\/relevance of individual scholars before and after projections. Unlike linear&nbsp; historiography overviews, outlining the significance of selected authorities, this network model&nbsp; distributes the attention on scholars who might not be authorities, but through their institutional&nbsp; engagement and connections to their peers actively participate in the production and&nbsp; dissemination of cultural memory.&nbsp;&nbsp;<\/p>\n\n\n\n<p><strong>References<\/strong><\/p>\n\n\n\n<p>Assmann, Jan. \u201cCommunicative and Cultural Memory.\u201d In: Astrid Erll, Ansgar N\u00fcnning (eds.).&nbsp; Media and Cultural Memory. Berlin, 2008.&nbsp;&nbsp;<\/p>\n\n\n\n<p>\u0106irkovi\u0107 Sima, Mihalj\u010di\u0107 Rade (eds.). Enciklopedija srpske istoriografije. Belgrade, 1997.&nbsp;&nbsp;<\/p>\n\n\n\n<p>Everett G., Martin. \u201cCentrality and the dual-projection approach for two-mode social network&nbsp; data.\u201d Methodological Innovations Volume 9\/1\u20138, 2016.&nbsp;&nbsp;<\/p>\n\n\n\n<p>Haas Jessica, Malang Thomas. \u201cBeziehungen und Kanten.\u201d In: Christian Stegbauer, Roger H\u00e4u\u00dfling&nbsp; (eds.). Handbuch Netzwerkforschung. Wiesbaden, 2010.&nbsp;<\/p>\n\n\n\n<p>Lemercier, Claire. \u201cFormal network methods in history: why and how?\u201d in: Social Networks,&nbsp; Political Institutions, and Rural Societies. (<a href=\"https:\/\/halshs.archives-ouvertes.fr\/halshs-00521527v2\">https:\/\/halshs.archives-ouvertes.fr\/halshs-00521527v2<\/a>)&nbsp;&nbsp;<\/p>\n\n\n\n<p>Mutschke, Peter. \u201cZentralit\u00e4tsanomalien und Netzwerkstruktur. Ein Pl\u00e4doyer f\u00fcr einen \u2018engeren\u2019&nbsp; Netzwerkbegriff und ein community-orientiertes Zentralit\u00e4tsmodell\u201d. In: Christian Stegbauer (ed).&nbsp; Netzwerkanalyse und Netzwerktheorie: Ein neues Paradigma in den Sozialwissenschaften.&nbsp; Wiesbaden, 2010.<\/p>\n","protected":false},"excerpt":{"rendered":"<p>Stefan Trajkovic Filipovic Place and Time: Thursday, 01.07., 16:00\u201317:00, Room 1Session: Poster Session &#8211; Institutions and Institutionalisation Keywords: History of scholarship; Serbian medieval studies; Cultural memory; Memory agents; Bi-modal networks; Dual-projection approach Download the poster as PDF: HNR2021Poster_Trajkovic-Filipovic This poster presentation approaches the production of cultural memory of Middle Ages,&nbsp; understood as an entanglement of cultural memory agents &#8211; specialist<\/p>\n<p><a class=\"more-link\" href=\"http:\/\/hnr2021.historicalnetworkresearch.org\/?page_id=555\">Weiterlesen<\/a><\/p>\n","protected":false},"author":1,"featured_media":0,"parent":98,"menu_order":0,"comment_status":"closed","ping_status":"closed","template":"","meta":[],"_links":{"self":[{"href":"http:\/\/hnr2021.historicalnetworkresearch.org\/index.php?rest_route=\/wp\/v2\/pages\/555"}],"collection":[{"href":"http:\/\/hnr2021.historicalnetworkresearch.org\/index.php?rest_route=\/wp\/v2\/pages"}],"about":[{"href":"http:\/\/hnr2021.historicalnetworkresearch.org\/index.php?rest_route=\/wp\/v2\/types\/page"}],"author":[{"embeddable":true,"href":"http:\/\/hnr2021.historicalnetworkresearch.org\/index.php?rest_route=\/wp\/v2\/users\/1"}],"replies":[{"embeddable":true,"href":"http:\/\/hnr2021.historicalnetworkresearch.org\/index.php?rest_route=%2Fwp%2Fv2%2Fcomments&post=555"}],"version-history":[{"count":12,"href":"http:\/\/hnr2021.historicalnetworkresearch.org\/index.php?rest_route=\/wp\/v2\/pages\/555\/revisions"}],"predecessor-version":[{"id":774,"href":"http:\/\/hnr2021.historicalnetworkresearch.org\/index.php?rest_route=\/wp\/v2\/pages\/555\/revisions\/774"}],"up":[{"embeddable":true,"href":"http:\/\/hnr2021.historicalnetworkresearch.org\/index.php?rest_route=\/wp\/v2\/pages\/98"}],"wp:attachment":[{"href":"http:\/\/hnr2021.historicalnetworkresearch.org\/index.php?rest_route=%2Fwp%2Fv2%2Fmedia&parent=555"}],"curies":[{"name":"wp","href":"https:\/\/api.w.org\/{rel}","templated":true}]}}