{"id":453,"date":"2021-06-15T10:00:06","date_gmt":"2021-06-15T10:00:06","guid":{"rendered":"http:\/\/hnr2021.historicalnetworkresearch.org\/?page_id=453"},"modified":"2021-06-21T12:44:46","modified_gmt":"2021-06-21T12:44:46","slug":"analysing-the-leadership-networks-of-the-first-portuguese-womens-associations-to-internationalize-1914-1947","status":"publish","type":"page","link":"http:\/\/hnr2021.historicalnetworkresearch.org\/?page_id=453","title":{"rendered":"Analysing the leadership networks of the first Portuguese women\u2019s associations to internationalize (1914-1947)"},"content":{"rendered":"\n<h2 style=\"text-align:center\"><em>Raquel Rego, <\/em>Anne Cova, Isabel Freire and Jo\u00e3o Esteves<\/h2>\n\n\n\n<p class=\"box\"><strong>Time and Place:<\/strong> Friday, 02.07., 10:15\u201310:35, Room 1<br><strong>Session:<\/strong> Networks and Power<\/p>\n\n\n\n<p><strong>Keywords:<\/strong> National Council of Portuguese Women; women leaders; personal networks; UCINET; 20th century<\/p>\n\n\n\n<p>The Conselho Nacional das Mulheres Portuguesas (CNMP \u2013 the National Council of Portuguese&nbsp; Women) was a particularly relevant women\u2019s organization in Portugal throughout the first half of&nbsp; the 20th century. Firstly, the CNMP succeeded in federating around two dozen associations (up to&nbsp; 24 ) in a country where associativism remained only weak and fragmented; secondly, this was the&nbsp; first national women\u2019s organization to internationalize, during the so called \u2018belle \u00e9poque\u2019 of&nbsp; feminisms, when becoming a member of the International Council of Women (ICW), founded in&nbsp; Washington in 1888, and later of the International Women Suffrage Alliance (IWSA), established in&nbsp; Berlin in 1904; thirdly, it was the longest active women\u2019s association (1914-1947) prior to the&nbsp; democratic regime; fourthly, this represented the leading organization campaigning for the&nbsp; emancipation of women in that period. Whilst CNMP arose out of the republicanism and&nbsp; freemasonry and collapsed under the dictatorship, the CNMP was above all the product of the&nbsp; personal networks of its charismatic leaders.<br><br>The literature on the CNMP\u2019s female leaders is both important and underlines the relevance of&nbsp; particular networks: \u2018The links that existed between many of the leaders explain the establishment&nbsp; of networks that were a prelude to the creation of the councils.\u2019 (Cova, 2014: 68). Urban elites&nbsp; seemed to play a particular role deriving from their close links both with politicians and with the&nbsp; French context, especially the counterpart organization, the Conseil National des Femmes&nbsp; Fran\u00e7aises (CNFF). However, analysis of these networks has never extended beyond purely&nbsp; metaphorical and non-systematic approaches.<br><br>This paper aims to provide the first description and measurement of the CNMP leadership networks&nbsp; in accordance with the Social Network Analysis (SNA) methodology and through recourse to UCINET&nbsp; software. We shall apply data collected from different national and private archives and taking into&nbsp; consideration a total of 123 leaders: on the one hand, (a) the CNMP board members and, on the&nbsp; other hand, (b) the delegates of affiliated associations, through the 33 years of its existence.&nbsp; Describing the leaders\u2019 relationships in terms of friendship, kinship, professions, associational&nbsp; affiliation, etcetera, we also focus on the attributes of the leaders, especially their social capital,&nbsp; language skills, financial resources, locality, and so forth.&nbsp;<br><br>Although incurring risk due to the lack of complete data, considering our sources represent&nbsp; secondary data, we believe this shall add significant value to the literature, in particular in terms of&nbsp; the resulting measurements and graphical representations. Through applying network&nbsp; measurements that accurately encapsulate the relational research objectives, we expect to add a&nbsp; complementary insight into various aspects of these relational phenomena. In fact, \u2018We should (\u2026)&nbsp; accept the idea that being interested in relationships does not imply that we will always prove that&nbsp;they have positive effects or even that they weigh more than classes, culture or institution\u2019&nbsp; (Lemercier, 2015: 16).<br><br>The SNA still remains a relatively unknown theoretical-empirical approach despite the over four&nbsp; decades of promotion by the International Social Network Association-INSNA. This lack of&nbsp; knowledge particularly impacts on certain regions, as the Lusophone countries, and disciplines, as&nbsp; is the case of history which, nevertheless, counts with over a decade of inputs from the Historical&nbsp; Research Network Conference. In fact, while stating that social ties matter is nothing new,&nbsp; \u2018Describing exactly how, and at which scale, [networks] matter \u2013 which ties matter for what, which&nbsp; do not, and how different sorts of ties interact \u2013 is a more interesting, but also more difficult&nbsp; purpose\u2019 (Lemercier, 2015: 3).<br><br>This paper is part of an ongoing research project, Women and Associativism in Portugal 1914-1974,&nbsp; funded by the Portuguese national agency for research, the Funda\u00e7\u00e3o para a Ci\u00eancia e a Tecnologia&nbsp; (ref. PTDC\/HAR-HIS\/29376\/2017) and coordinated by Anne Cova of the Instituto de Ci\u00eancias Sociais&nbsp; from the Universidade de Lisboa. The project focuses on a wide variety of associations; not only&nbsp; feminist and progressive entities but also associations supporting the dictatorship (1926-1974)&nbsp; through a combination of historical and sociological approaches.&nbsp;&nbsp;<\/p>\n\n\n\n<p><strong>References<\/strong>\u00a0\u00a0<\/p>\n\n\n\n<p>Costa, C\u00e9lia (2007), O Conselho Nacional das Mulheres Portuguesas (1914-1947) \u2013 Uma&nbsp; Organiza\u00e7\u00e3o Feminista, Disserta\u00e7\u00e3o de Mestrado, Lisboa, Universidade Aberta.&nbsp; Cova, Anne (2014)The National Councils of Women in France, ltaly and Portugal: Comparisons and&nbsp; Entanglements, 1888-1939. In : Janz, O., Schonpflug, D. (Eds.) Gender history in a transnational&nbsp; perspective: Networks, Biographies, Gender Orders, Berghahn, pp.46-76 .&nbsp;&nbsp;<\/p>\n\n\n\n<p>Lemercier Claire (2015) Formal network methods in history: why and how?. Social Networks,&nbsp; Political Institutions, and Rural Societies, Brepols, pp.281-310.&nbsp;&nbsp;<\/p>\n\n\n\n<p>Varanda, M., Rego, R., Fontes, B., Eichner, K. (2012) A an\u00e1lise de redes sociais no mundo lus\u00f3fono:&nbsp; contributos para o conhecimento de uma comunidade cient\u00edfica em desenvolvimento, REDES \u2013 Revista Hispana para el An\u00e1lisis de Redes Sociales, Vol. 22, pp.147-188.<\/p>\n","protected":false},"excerpt":{"rendered":"<p>Raquel Rego, Anne Cova, Isabel Freire and Jo\u00e3o Esteves Time and Place: Friday, 02.07., 10:15\u201310:35, Room 1Session: Networks and Power Keywords: National Council of Portuguese Women; women leaders; personal networks; UCINET; 20th century The Conselho Nacional das Mulheres Portuguesas (CNMP \u2013 the National Council of Portuguese&nbsp; Women) was a particularly relevant women\u2019s organization in Portugal throughout the first half of&nbsp;<\/p>\n<p><a class=\"more-link\" href=\"http:\/\/hnr2021.historicalnetworkresearch.org\/?page_id=453\">Weiterlesen<\/a><\/p>\n","protected":false},"author":1,"featured_media":0,"parent":98,"menu_order":0,"comment_status":"closed","ping_status":"closed","template":"","meta":[],"_links":{"self":[{"href":"http:\/\/hnr2021.historicalnetworkresearch.org\/index.php?rest_route=\/wp\/v2\/pages\/453"}],"collection":[{"href":"http:\/\/hnr2021.historicalnetworkresearch.org\/index.php?rest_route=\/wp\/v2\/pages"}],"about":[{"href":"http:\/\/hnr2021.historicalnetworkresearch.org\/index.php?rest_route=\/wp\/v2\/types\/page"}],"author":[{"embeddable":true,"href":"http:\/\/hnr2021.historicalnetworkresearch.org\/index.php?rest_route=\/wp\/v2\/users\/1"}],"replies":[{"embeddable":true,"href":"http:\/\/hnr2021.historicalnetworkresearch.org\/index.php?rest_route=%2Fwp%2Fv2%2Fcomments&post=453"}],"version-history":[{"count":11,"href":"http:\/\/hnr2021.historicalnetworkresearch.org\/index.php?rest_route=\/wp\/v2\/pages\/453\/revisions"}],"predecessor-version":[{"id":641,"href":"http:\/\/hnr2021.historicalnetworkresearch.org\/index.php?rest_route=\/wp\/v2\/pages\/453\/revisions\/641"}],"up":[{"embeddable":true,"href":"http:\/\/hnr2021.historicalnetworkresearch.org\/index.php?rest_route=\/wp\/v2\/pages\/98"}],"wp:attachment":[{"href":"http:\/\/hnr2021.historicalnetworkresearch.org\/index.php?rest_route=%2Fwp%2Fv2%2Fmedia&parent=453"}],"curies":[{"name":"wp","href":"https:\/\/api.w.org\/{rel}","templated":true}]}}