{"id":37,"date":"2020-06-09T10:09:39","date_gmt":"2020-06-09T10:09:39","guid":{"rendered":"http:\/\/hnr2021.historicalnetworkresearch.org\/?page_id=37"},"modified":"2021-03-12T09:39:45","modified_gmt":"2021-03-12T09:39:45","slug":"programme-committee","status":"publish","type":"page","link":"http:\/\/hnr2021.historicalnetworkresearch.org\/?page_id=37","title":{"rendered":"Programme Committee"},"content":{"rendered":"\n<h2 style=\"text-align:center\">Second Call for Papers (2021)<\/h2>\n\n\n\n<p><strong>Pierre-Yves Beaurepaire<\/strong><br>Professor of Early modern history, University of Nice Sophia-Antipolis<br>Co-founder of the Research Group RES-HIST<\/p>\n\n\n\n<p><strong>Giovanni Colavizza<\/strong><br>Assistant Professor, University of Amsterdam<br>Visiting Researcher, Centre for Science and Technology Studies (CWTS), Leiden University<\/p>\n\n\n\n<p><strong>Kimmo Elo<\/strong><br>Adjunct Professor, Centre for Parliamentary Studies, University of Turku | UTU<\/p>\n\n\n\n<p><strong>Pierre Gervais<\/strong><br>Professor, University Sorbonne Nouvelle &#8211; Paris 3<\/p>\n\n\n\n<p><strong>Martin Grandjean<\/strong><br>Premier Assistant, Section d&#8217;Histoire, UNIL | Universit\u00e9 de Lausanne<\/p>\n\n\n\n<p><strong>Charles van den Heuvel<\/strong><br>Professor of Digital Methods in Historical Disciplines, University of Amsterdam<br>Head Research Group History of Science and Scholarship,  Huygens ING Institute, Royal Netherlands Academy of Arts and Sciences<br>Associate Researcher, e-Humanities Group <\/p>\n\n\n\n<p><strong>Petter Holme<\/strong><br>Specially Appointed Professor, Institute of Innovative Research&nbsp;at Tokyo Institute of Technology<\/p>\n\n\n\n<p><strong>Zoe LeBlanc<\/strong><br>Postdoctoral Research Associate, Center for Digital Humanities, Princeton University<br>Digital Humanities Developer, Scholars&#8216; Lab, University of Virginia<\/p>\n\n\n\n<p><strong>Christian Rollinger<\/strong><br>Lecturer in Ancient History, University of Trier <\/p>\n\n\n\n<p><strong>Henrike Rudolph<\/strong><br>Assistant Professor, Department of East Asian Studies at the University of G\u00f6ttingen<\/p>\n\n\n\n<p><strong>Martin Stark<\/strong><br>Project Manager, ILS- Research Institute for Regional and Urban Development, Aachen<\/p>\n\n\n\n<p><strong>Tobias Winnerling<\/strong><br>Research Associate, Chair of Early Modern History, Heinrich Heine University D\u00fcsseldorf<\/p>\n\n\n\n<p><strong>Bernd Wurpts<\/strong><br>Postdoctoral Research Associate, Department of Sociology, University of Lucerne<\/p>\n\n\n\n<h2 style=\"text-align:center\">First Call for Papers (2020)<\/h2>\n\n\n\n<p><strong>Sebastian Ahnert<\/strong><br>Gatsby Career Development Fellow, University of Cambridge<br>Fellow and Director of Studies, King&#8217;s College, Cambridge<\/p>\n\n\n\n<p><strong>Laurent Beauguitte<\/strong><br>Charg\u00e9e de Recherche (permanent researcher), Centre National de la Recherche Scientifique (CNRS), UMR G\u00e9ographie-cit\u00e9s (Paris)<\/p>\n\n\n\n<p><strong>Giovanni Colavizza<\/strong><br>Assistant Professor, University of Amsterdam<br>Visiting Researcher, Centre for Science and Technology Studies (CWTS), Leiden University<\/p>\n\n\n\n<p><strong>Jana Diesner<\/strong><br>Associate Professor, School of Information Sciences\/the iSchool, University of Illinois Urbana-Champaign<\/p>\n\n\n\n<p><strong>Lieve Donnellan<\/strong><br>Assistant Professor of Classical Archaeology, School of Culture and Society, Aarhus University<\/p>\n\n\n\n<p><strong>Kimmo Elo<\/strong><br>Adjunct Professor, Centre for Parliamentary Studies, University of Turku | UTU<\/p>\n\n\n\n<p><strong>Martin Grandjean<\/strong><br>Premier Assistant, Section d&#8217;Histoire, UNIL | Universit\u00e9 de Lausanne<\/p>\n\n\n\n<p><strong>Charles van den Heuvel<\/strong><br>Professor of Digital Methods in Historical Disciplines, University of Amsterdam<br>Head Research Group History of Science and Scholarship,  Huygens ING Institute, Royal Netherlands Academy of Arts and Sciences<br>Associate Researcher, e-Humanities Group <\/p>\n\n\n\n<p><strong>Henning Hillmann<\/strong><br>Professor of Economic Sociology, University of Mannheim<br>Head of Department A, Mannheim Center for European Social Research (MZES)<\/p>\n\n\n\n<p><strong>Zoe LeBlanc<\/strong><br>Postdoctoral Research Associate, Center for Digital Humanities, Princeton University<br>Digital Humanities Developer, Scholars&#8216; Lab, University of Virginia<\/p>\n\n\n\n<p><strong>Claire Lemercier<\/strong><br>Research Professor (directrice de recherche), Center for the Sociology of Organizations, Centre National de la Recherche Scientifique (CNRS)<\/p>\n\n\n\n<p><strong>Johannes Preiser-Kapeller<\/strong><br>Research Associate, Austrian Academy of Sciences<br>Research Fellow, R\u00f6misch-Germanisches Zentralmuseum (RGZM)<\/p>\n\n\n\n<p><strong>Christian Rollinger<\/strong><br>Lecturer in Ancient History, University of Trier <\/p>\n\n\n\n<p><strong>Henrike Rudolph<\/strong><br>Interim Professor, Institute of Chinese Studies, Heidelberg University<\/p>\n\n\n\n<p><strong>Martin Stark<\/strong><br>Project Manager, ILS- Research Institute for Regional and Urban Development, Aachen<\/p>\n\n\n\n<p><strong>Matteo Valleriani<\/strong><br>Research Group Leader in Dept. I, Max Planck Institute for the History of Science (MPIWG), Berlin<br>Honorary Professor, Technische Universit\u00e4t Berlin<br>Professor for Special Appointments, Faculty of Humanities, Tel Aviv University<\/p>\n\n\n\n<p><strong>Scott Weingart<\/strong><br>Program Director of Digital Humanities, Carnegie Mellon University Libraries<\/p>\n\n\n\n<p><strong>Tobias Winnerling<\/strong><br>Research Associate, Chair of Early Modern History, Heinrich Heine University D\u00fcsseldorf<\/p>\n\n\n\n<p><strong>Bernd Wurpts<\/strong><br>Postdoctoral Research Associate, Department of Sociology, University of Lucerne<\/p>\n","protected":false},"excerpt":{"rendered":"<p>Second Call for Papers (2021) Pierre-Yves BeaurepaireProfessor of Early modern history, University of Nice Sophia-AntipolisCo-founder of the Research Group RES-HIST Giovanni ColavizzaAssistant Professor, University of AmsterdamVisiting Researcher, Centre for Science and Technology Studies (CWTS), Leiden University Kimmo EloAdjunct Professor, Centre for Parliamentary Studies, University of Turku | UTU Pierre GervaisProfessor, University Sorbonne Nouvelle &#8211; Paris 3 Martin GrandjeanPremier Assistant, Section<\/p>\n<p><a class=\"more-link\" href=\"http:\/\/hnr2021.historicalnetworkresearch.org\/?page_id=37\">Weiterlesen<\/a><\/p>\n","protected":false},"author":1,"featured_media":0,"parent":0,"menu_order":0,"comment_status":"closed","ping_status":"closed","template":"","meta":[],"_links":{"self":[{"href":"http:\/\/hnr2021.historicalnetworkresearch.org\/index.php?rest_route=\/wp\/v2\/pages\/37"}],"collection":[{"href":"http:\/\/hnr2021.historicalnetworkresearch.org\/index.php?rest_route=\/wp\/v2\/pages"}],"about":[{"href":"http:\/\/hnr2021.historicalnetworkresearch.org\/index.php?rest_route=\/wp\/v2\/types\/page"}],"author":[{"embeddable":true,"href":"http:\/\/hnr2021.historicalnetworkresearch.org\/index.php?rest_route=\/wp\/v2\/users\/1"}],"replies":[{"embeddable":true,"href":"http:\/\/hnr2021.historicalnetworkresearch.org\/index.php?rest_route=%2Fwp%2Fv2%2Fcomments&post=37"}],"version-history":[{"count":4,"href":"http:\/\/hnr2021.historicalnetworkresearch.org\/index.php?rest_route=\/wp\/v2\/pages\/37\/revisions"}],"predecessor-version":[{"id":95,"href":"http:\/\/hnr2021.historicalnetworkresearch.org\/index.php?rest_route=\/wp\/v2\/pages\/37\/revisions\/95"}],"wp:attachment":[{"href":"http:\/\/hnr2021.historicalnetworkresearch.org\/index.php?rest_route=%2Fwp%2Fv2%2Fmedia&parent=37"}],"curies":[{"name":"wp","href":"https:\/\/api.w.org\/{rel}","templated":true}]}}