{"id":328,"date":"2021-06-08T12:49:09","date_gmt":"2021-06-08T12:49:09","guid":{"rendered":"http:\/\/hnr2021.historicalnetworkresearch.org\/?page_id=328"},"modified":"2021-06-09T14:54:37","modified_gmt":"2021-06-09T14:54:37","slug":"les-congres-feminins-et-feministes-entre-1878-et-1915-un-reseau-transnational-de-la-cause-des-femmes","status":"publish","type":"page","link":"http:\/\/hnr2021.historicalnetworkresearch.org\/?page_id=328","title":{"rendered":"Les congr\u00e8s f\u00e9minins et f\u00e9ministes entre 1878 et 1915. Un r\u00e9seau transnational de la cause des femmes ?"},"content":{"rendered":"\n<h2 style=\"text-align:center\">Alix Heiniger<\/h2>\n\n\n\n<p class=\"box\"><strong>Time and Place: <\/strong>Friday, 02.07., 09:00\u201309:20, Room 1<br><strong>Session:<\/strong> Networks of Events<\/p>\n\n\n\n<p><strong>Keywords: <\/strong>female and feminist international congresses; social reform; feminism; network; end of nineteenth century; beginning of the twentieth century; internationalism<\/p>\n\n\n\n<p>D\u00e8s le dernier tiers du 19e si\u00e8cle, r\u00e9formateurs sociaux, r\u00e9formatrices sociales et sp\u00e9cialistes de diverses questions se rencontrent lors de congr\u00e8s internationaux dans diff\u00e9rentes villes d\u2019Am\u00e9rique du Nord et d\u2019Europe. Ma pr\u00e9sentation s\u2019int\u00e9ressera aux congr\u00e8s internationaux f\u00e9minins et f\u00e9ministes tenus entre 1878 et 1915 qui ont r\u00e9uni des milliers de femmes et d\u2019hommes engag\u00e9-e-s dans la lutte pour les droits des femmes (suffrage, droits civils, travail f\u00e9minin, r\u00e9forme sociale, protection de la maternit\u00e9, etc.). Lieux d\u2019\u00e9changes de savoirs et d\u2019exp\u00e9riences nationales, ces congr\u00e8s ont constitu\u00e9 des espaces de rencontres o\u00f9 se sont structur\u00e9es des alliances entre militantes de diff\u00e9rents pays, notamment par la cr\u00e9ation de branches nationales d\u2019organisations f\u00e9minines et f\u00e9ministes comme le Conseil International des Femmes. Bien qu\u2019ils aient largement retenu l\u2019attention de la recherche historique, il n\u2019existe \u00e0 ce jour pas d\u2019analyse d\u2019ensemble de ces congr\u00e8s, lacune que cette contribution souhaite combler \u00e0 l\u2019aide d\u2019une analyse de r\u00e9seau formalis\u00e9e. Cette derni\u00e8re constitue une excellente approche pour saisir l\u2019ensemble de ces congr\u00e8s et identifier les connexions entre eux et les actrices qui jouent un r\u00f4le d\u2019interm\u00e9diaires privil\u00e9gi\u00e9es ainsi que celles situ\u00e9es aux marges de ce milieu. D\u2019autres espaces transnationaux de la r\u00e9forme sociale ont fait l\u2019objet d\u2019analyses quantitatives (Leonards et Randeraad 2019), alors que les r\u00e9seaux f\u00e9minins n\u2019ont pour l\u2019instant \u00e9t\u00e9 abord\u00e9s que de mani\u00e8re qualitative, \u00e0 l\u2019exception d\u2019un article pionnier sur l\u2019\u00c9tat de New York (Rosenthal et al. 1985). Les travaux qui leur sont consacr\u00e9s constituent de pr\u00e9cieuses monographies \u00e9labor\u00e9es le plus souvent \u00e0 partir d\u2019une organisation nationale ou internationale.<\/p>\n\n\n\n<p>Cette contribution se fonde sur un corpus de 17 congr\u00e8s internationaux f\u00e9minins et f\u00e9ministes entre 1878 et 1915. Ils ont \u00e9t\u00e9 recens\u00e9s \u00e0 partir de la liste publi\u00e9e par l\u2019Union Internationale des Associations (UIA) entre 1960 et 1964 (voir : Grandjean et van Leeuwen 2019). Seuls les congr\u00e8s libell\u00e9s \u00ab f\u00e9minins \u00bb ou \u00ab f\u00e9ministes \u00bb ont \u00e9t\u00e9 retenus. Pour ne pas \u00e9tendre trop le corpus, les congr\u00e8s consacr\u00e9s \u00e0 d\u2019autres causes plus pr\u00e9cises (suffrage, abolitionnisme, \u00ab traite des blanches \u00bb, temp\u00e9rance, femmes catholiques ou juives, etc.) ont \u00e9t\u00e9 d\u00e9lib\u00e9r\u00e9ment laiss\u00e9s de c\u00f4t\u00e9, mais pourraient faire l\u2019objet d\u2019une analyse ult\u00e9rieure. Le congr\u00e8s de La Hague de 1915 a \u00e9t\u00e9 ajout\u00e9 \u00e0 la s\u00e9rie recens\u00e9e par l\u2019UIA, pour permettre d\u2019\u00e9tablir un lien avec l\u2019apr\u00e8s-guerre. Les participations des personnes qui prennent la parole lors des congr\u00e8s ou qui en assument l\u2019organisation pratique ont \u00e9t\u00e9 r\u00e9pertori\u00e9es pour ensuite faire l\u2019objet d\u2019une analyse de r\u00e9seau formalis\u00e9e \u00e0 l\u2019aide du logiciel R et de son extension Igraph.<\/p>\n\n\n\n<p>En examinant l\u2019ensemble de ces participations, cette contribution montrera que les 17 congr\u00e8s recens\u00e9s forment bien un seul r\u00e9seau. En d\u00e9passant l\u2019approche monographique, elle mettra en \u00e9vidence les alliances, les m\u00e9canismes d\u2019inclusion et d\u2019exclusion au sein de ce milieu transnational de la r\u00e9forme f\u00e9minine et du f\u00e9minisme. A l\u2019int\u00e9rieur du r\u00e9seau, il est possible d\u2019identifier un groupe de femmes qui jouent davantage un r\u00f4le de pont (parce qu\u2019elles pr\u00e9sentent des indices d\u2019interm\u00e9diarit\u00e9 plus \u00e9lev\u00e9s) entre les congr\u00e8s et contribuent \u00e0 les lier entre eux. \u00c0 partir de l\u00e0 et en suivant les parcours biographiques, je montrerai comment la participation \u00e0 ces congr\u00e8s se r\u00e9v\u00e8le \u00eatre une ressource pour certaines actrices \u00e0 qui il revient d\u2019organiser et de structurer les efforts de leurs coll\u00e8gues dans le cadre national.<\/p>\n\n\n\n<p>Enfin, nous verrons que certains th\u00e8mes trait\u00e9s dans ces congr\u00e8s sont davantage f\u00e9d\u00e9rateurs dans le sens qu\u2019ils apparaissent plus r\u00e9guli\u00e8rement. Ils deviennent des sujets dominants de la r\u00e9flexion autour de la d\u00e9fense des droits des femmes, alors que celles qui s\u2019en saisissent occupent largement l\u2019espace et disposent d\u2019une position privil\u00e9gi\u00e9e pour diffuser leurs id\u00e9es. Cette contribution examinera aussi les marges et notamment la place des femmes venues d\u2019espaces au-del\u00e0 de l\u2019Europe et de l\u2019Am\u00e9rique du Nord. L\u2019analyse de r\u00e9seau constitue dans cette recherche un outil pr\u00e9cieux pour \u00e9tablir l\u2019existence d\u2019un espace transnational de la r\u00e9forme sociale f\u00e9minine et du f\u00e9minisme (qui privil\u00e9gie toutefois les participations europ\u00e9ennes et nord-am\u00e9ricaines) et les rapports de pouvoir qui s\u2019y jouent.<\/p>\n\n\n\n<p><strong>R\u00e9f\u00e9rences<\/strong><\/p>\n\n\n\n<p>Grandjean, Martin, et Marco H. D. van Leeuwen. 2019. \u00ab Mapping\nInternationalism: Congresses and Organizations in the Nineteenth and Twentieth\nCenturies \u00bb. In International Organizations and Global Civil Society, par\nDaniel Laqua, Wouter van Acker, et Christophe Verbruggen, 225\u201142. Londres:\nBloomsbury.<\/p>\n\n\n\n<p>Leonards, Chris, et Nico Randeraad. 2019. \u00ab Circulations charitables: les congr\u00e8s internationaux de r\u00e9forme sociale (1876-1913) \u00bb. In Philanthropes en 1900. Londres, New York, Paris, Gen\u00e8ve, par Christian Topalov, 435\u201167. Paris: Creaphis. <\/p>\n\n\n\n<p>Rosenthal, Naomi, Meryl Fingrutd, Michele Ethier, Roberta Karant, et David McDonald. 1985. \u00ab Social Movements and Network Analysis: A Case Study of Nineteenth-Century Women\u2019s Reform in New York State \u00bb. American Journal of Sociology 90 (5): 1022\u201154. <\/p>\n","protected":false},"excerpt":{"rendered":"<p>Alix Heiniger Time and Place: Friday, 02.07., 09:00\u201309:20, Room 1Session: Networks of Events Keywords: female and feminist international congresses; social reform; feminism; network; end of nineteenth century; beginning of the twentieth century; internationalism D\u00e8s le dernier tiers du 19e si\u00e8cle, r\u00e9formateurs sociaux, r\u00e9formatrices sociales et sp\u00e9cialistes de diverses questions se rencontrent lors de congr\u00e8s internationaux dans diff\u00e9rentes villes d\u2019Am\u00e9rique du<\/p>\n<p><a class=\"more-link\" href=\"http:\/\/hnr2021.historicalnetworkresearch.org\/?page_id=328\">Weiterlesen<\/a><\/p>\n","protected":false},"author":1,"featured_media":0,"parent":98,"menu_order":0,"comment_status":"closed","ping_status":"closed","template":"","meta":[],"_links":{"self":[{"href":"http:\/\/hnr2021.historicalnetworkresearch.org\/index.php?rest_route=\/wp\/v2\/pages\/328"}],"collection":[{"href":"http:\/\/hnr2021.historicalnetworkresearch.org\/index.php?rest_route=\/wp\/v2\/pages"}],"about":[{"href":"http:\/\/hnr2021.historicalnetworkresearch.org\/index.php?rest_route=\/wp\/v2\/types\/page"}],"author":[{"embeddable":true,"href":"http:\/\/hnr2021.historicalnetworkresearch.org\/index.php?rest_route=\/wp\/v2\/users\/1"}],"replies":[{"embeddable":true,"href":"http:\/\/hnr2021.historicalnetworkresearch.org\/index.php?rest_route=%2Fwp%2Fv2%2Fcomments&post=328"}],"version-history":[{"count":5,"href":"http:\/\/hnr2021.historicalnetworkresearch.org\/index.php?rest_route=\/wp\/v2\/pages\/328\/revisions"}],"predecessor-version":[{"id":435,"href":"http:\/\/hnr2021.historicalnetworkresearch.org\/index.php?rest_route=\/wp\/v2\/pages\/328\/revisions\/435"}],"up":[{"embeddable":true,"href":"http:\/\/hnr2021.historicalnetworkresearch.org\/index.php?rest_route=\/wp\/v2\/pages\/98"}],"wp:attachment":[{"href":"http:\/\/hnr2021.historicalnetworkresearch.org\/index.php?rest_route=%2Fwp%2Fv2%2Fmedia&parent=328"}],"curies":[{"name":"wp","href":"https:\/\/api.w.org\/{rel}","templated":true}]}}