{"id":125,"date":"2021-05-31T12:48:55","date_gmt":"2021-05-31T12:48:55","guid":{"rendered":"http:\/\/hnr2021.historicalnetworkresearch.org\/?page_id=125"},"modified":"2021-06-29T13:19:54","modified_gmt":"2021-06-29T13:19:54","slug":"keynotes","status":"publish","type":"page","link":"http:\/\/hnr2021.historicalnetworkresearch.org\/?page_id=125","title":{"rendered":"Keynotes"},"content":{"rendered":"\n<p>HNR+ResHist2021 is proud to present two keynotes which will be delivered by <a href=\"https:\/\/www.parisgeo.cnrs.fr\/spip.php?article8513&amp;lang=en\">Marion Maisonobe<\/a> (CNRS, Paris) and <a href=\"https:\/\/www.mpiwg-berlin.mpg.de\/users\/valleriani\">Matteo Valleriani<\/a> (MPIWG, Berlin). To attend the keynotes, please <a rel=\"noreferrer noopener\" href=\"https:\/\/www.eventbrite.com\/e\/historical-network-research-conference-2021-1-2-july-2021-tickets-156643959299\" target=\"_blank\">register for the Conference<\/a> (deadline: 23 June, 23:30 pm CEST).<\/p>\n\n\n\n<h2 style=\"text-align:left\"><strong>Opening Keynote \u2013 Wednesday, June 30th<\/strong>, 4:30 p.m. CET<\/h2>\n\n\n\n<h3 style=\"text-align:left\"><strong>The <em>Sphaera Corpus<\/em> in its Social and Economic Context<\/strong><\/h3>\n\n\n\n<h4><em>Matteo Valleriani, Maryam Zamani, Malte Vogl, Hassan el-Hajj, Holger Kantz<\/em><\/h4>\n\n\n\n<figure class=\"wp-block-image\"><a href=\"http:\/\/hnr2021.historicalnetworkresearch.org\/wp-content\/uploads\/2021\/06\/Matteo_Sphaera-1.jpg\"><img decoding=\"async\" loading=\"lazy\" width=\"1024\" height=\"346\" src=\"http:\/\/hnr2021.historicalnetworkresearch.org\/wp-content\/uploads\/2021\/06\/Matteo_Sphaera-1-1024x346.jpg\" alt=\"\" class=\"wp-image-229\" srcset=\"http:\/\/hnr2021.historicalnetworkresearch.org\/wp-content\/uploads\/2021\/06\/Matteo_Sphaera-1-1024x346.jpg 1024w, http:\/\/hnr2021.historicalnetworkresearch.org\/wp-content\/uploads\/2021\/06\/Matteo_Sphaera-1-300x101.jpg 300w, http:\/\/hnr2021.historicalnetworkresearch.org\/wp-content\/uploads\/2021\/06\/Matteo_Sphaera-1-768x260.jpg 768w, http:\/\/hnr2021.historicalnetworkresearch.org\/wp-content\/uploads\/2021\/06\/Matteo_Sphaera-1-800x271.jpg 800w, http:\/\/hnr2021.historicalnetworkresearch.org\/wp-content\/uploads\/2021\/06\/Matteo_Sphaera-1.jpg 1792w\" sizes=\"(max-width: 1024px) 100vw, 1024px\" \/><\/a><figcaption>Visualization by means of muxViz. De&nbsp; Domenico,&nbsp; Manlio,&nbsp; Mason&nbsp; A.&nbsp; Porter,&nbsp; Alex&nbsp; Arenas,&nbsp; &#8222;MuxViz:&nbsp; A&nbsp; Tool&nbsp; for Multilayer&nbsp; Analysis&nbsp; and&nbsp; Visualization&nbsp; of&nbsp; Networks.&#8220;&nbsp; Journal&nbsp; of&nbsp; Complex Networks 3,no. 2 (2015): 159\u201376, <a href=\"https:\/\/doi.org\/10.1093\/comnet\/cnu03\">https:\/\/doi.org\/10.1093\/comnet\/cnu03<\/a> (click to enlarge)<\/figcaption><\/figure>\n\n\n\n<p class=\"wp-block-file\"><em>Download the handout for the conference as PDF: <a href=\"http:\/\/hnr2021.historicalnetworkresearch.org\/wp-content\/uploads\/2021\/06\/Valleriani_Handout_HNR_ResHist_2021.pdf\">Valleriani_Handout_HNR_ResHist_2021<\/a><\/em><\/p>\n\n\n\n<p>The lecture will first provide an overview of the corpus and of its historical meaning from the perspective of the main research question of the project, namely the question concerned with the mechanisms of knowledge homogenization in the early modern time and, therefore, with those processes that allowed for the emergence of a scientific identity of Europe.<\/p>\n\n\n\n<p>Secondly, the major results concerned with the semantic analysis of the corpus and based on a formalization of the data in terms of a multiplex network will be shown. In particular it will be shown a) how a family of historical sources was detected that then executed a hegemonic role all over Europe therefore greatly contributing to the process of homogenization, b) how treatises, denominated \u201cgreat transmitters\u201d, allowed for the perpetuation of traditional knowledge for about 200 years however in the context of continuous innovation, and c) how different treatises were identified that are the main responsible for the impactful and enduring innovations.<\/p>\n\n\n\n<p>Third, the lecture will present a new network model able to display the process of knowledge transformation in its social and economic context. The lecture therefore concludes by showing analyses conducted in order to understand correlations between families of treatises (semantic knowledge) on one side and societal groups on the other.&nbsp;<\/p>\n\n\n\n<h2 style=\"text-align:left\"><strong>Closing Keynote \u2013 Friday, July 2nd<\/strong>, 3:30 p.m. CET<\/h2>\n\n\n\n<h3 style=\"text-align:left\">\u00abLes lieux qui font liens\u00bb: Several Ways to Integrate Places in Network Analysis<\/h3>\n\n\n\n<h4><em>Marion Maisonobe<\/em><\/h4>\n\n\n\n<figure class=\"wp-block-image\"><a href=\"http:\/\/hnr2021.historicalnetworkresearch.org\/wp-content\/uploads\/2021\/06\/Marion_keynote_MM.png\"><img decoding=\"async\" loading=\"lazy\" width=\"1024\" height=\"549\" src=\"http:\/\/hnr2021.historicalnetworkresearch.org\/wp-content\/uploads\/2021\/06\/Marion_keynote_MM-1024x549.png\" alt=\"\" class=\"wp-image-200\" srcset=\"http:\/\/hnr2021.historicalnetworkresearch.org\/wp-content\/uploads\/2021\/06\/Marion_keynote_MM-1024x549.png 1024w, http:\/\/hnr2021.historicalnetworkresearch.org\/wp-content\/uploads\/2021\/06\/Marion_keynote_MM-300x161.png 300w, http:\/\/hnr2021.historicalnetworkresearch.org\/wp-content\/uploads\/2021\/06\/Marion_keynote_MM-768x412.png 768w, http:\/\/hnr2021.historicalnetworkresearch.org\/wp-content\/uploads\/2021\/06\/Marion_keynote_MM-800x429.png 800w, http:\/\/hnr2021.historicalnetworkresearch.org\/wp-content\/uploads\/2021\/06\/Marion_keynote_MM.png 1402w\" sizes=\"(max-width: 1024px) 100vw, 1024px\" \/><\/a><figcaption>(click to enlarge)<\/figcaption><\/figure>\n\n\n\n<p>We identify three traditional ways of integrating places in network analysis. Firstly, it is common to start from relationships between individuals, families and businesses and to aggregate these relationships to consider the interactions between places that they create (A). Secondly, places can be the instrument of network construction. In other words, the co-presence in certain places makes it possible to deduce relationships between entities (B). Thirdly, the network can be immediately &#8222;spatial&#8220; in the sense that the entities in relation as well as their links are materially anchored in space (for example, a hydrographic network, a metro map or a road network) (C). We will see that the sources, analytical issues and methods, and types of visualisation associated with these different networks vary. Our presentation will focus more specifically on type A and B networks by taking up, detailing and updating the methodological proposals of a collaborative research work on the visualization of scholarly worlds from Antiquity to the present day (Andurand <em>et al<\/em>., 2015).<\/p>\n\n\n\n<h4 style=\"text-align:left\">Les lieux qui font liens&nbsp;: diff\u00e9rentes mani\u00e8res d\u2019int\u00e9grer les lieux en analyse de r\u00e9seau<\/h4>\n\n\n\n<p>Nous distinguons trois mani\u00e8res classiques d\u2019int\u00e9grer les lieux en analyse de r\u00e9seaux. Premi\u00e8rement, il est fr\u00e9quent de partir de relations entre individus, familles, entreprises et d\u2019agr\u00e9ger ces relations pour consid\u00e9rer les interactions entre lieux qu\u2019elles dessinent (A). Deuxi\u00e8mement, les lieux peuvent \u00eatre l\u2019instrument de la construction du r\u00e9seau. Autrement dit, c\u2019est la co-pr\u00e9sence en certains lieux qui permet de d\u00e9duire des relations entre entit\u00e9s (B). Troisi\u00e8mement, le r\u00e9seau peut \u00eatre imm\u00e9diatement \u00ab&nbsp;spatial&nbsp;\u00bb au sens o\u00f9 les entit\u00e9s en relation ainsi que leurs liens sont mat\u00e9riellement ancr\u00e9s dans l\u2019espace (par exemple, un r\u00e9seau hydrographique, un plan de m\u00e9tro ou une trame viaire) (C). Nous verrons que les sources, les enjeux et m\u00e9thodes d\u2019analyse ainsi que les types de visualisation associ\u00e9es \u00e0 ces diff\u00e9rents r\u00e9seaux varient. Notre expos\u00e9 se concentrera plus particuli\u00e8rement sur les r\u00e9seaux du type A et B en reprenant, d\u00e9taillant et actualisant les propositions m\u00e9thodologiques d\u2019un travail de recherche collaboratif sur la visualisation des mondes savants de l\u2019Antiquit\u00e9 \u00e0 nos jours \u00e0 partir de diff\u00e9rentes sources (Andurand <em>et al<\/em>., 2015).<\/p>\n","protected":false},"excerpt":{"rendered":"<p>HNR+ResHist2021 is proud to present two keynotes which will be delivered by Marion Maisonobe (CNRS, Paris) and Matteo Valleriani (MPIWG, Berlin). To attend the keynotes, please register for the Conference (deadline: 23 June, 23:30 pm CEST). Opening Keynote \u2013 Wednesday, June 30th, 4:30 p.m. CET The Sphaera Corpus in its Social and Economic Context Matteo Valleriani, Maryam Zamani, Malte Vogl,<\/p>\n<p><a class=\"more-link\" href=\"http:\/\/hnr2021.historicalnetworkresearch.org\/?page_id=125\">Weiterlesen<\/a><\/p>\n","protected":false},"author":1,"featured_media":0,"parent":0,"menu_order":0,"comment_status":"closed","ping_status":"closed","template":"","meta":[],"_links":{"self":[{"href":"http:\/\/hnr2021.historicalnetworkresearch.org\/index.php?rest_route=\/wp\/v2\/pages\/125"}],"collection":[{"href":"http:\/\/hnr2021.historicalnetworkresearch.org\/index.php?rest_route=\/wp\/v2\/pages"}],"about":[{"href":"http:\/\/hnr2021.historicalnetworkresearch.org\/index.php?rest_route=\/wp\/v2\/types\/page"}],"author":[{"embeddable":true,"href":"http:\/\/hnr2021.historicalnetworkresearch.org\/index.php?rest_route=\/wp\/v2\/users\/1"}],"replies":[{"embeddable":true,"href":"http:\/\/hnr2021.historicalnetworkresearch.org\/index.php?rest_route=%2Fwp%2Fv2%2Fcomments&post=125"}],"version-history":[{"count":31,"href":"http:\/\/hnr2021.historicalnetworkresearch.org\/index.php?rest_route=\/wp\/v2\/pages\/125\/revisions"}],"predecessor-version":[{"id":763,"href":"http:\/\/hnr2021.historicalnetworkresearch.org\/index.php?rest_route=\/wp\/v2\/pages\/125\/revisions\/763"}],"wp:attachment":[{"href":"http:\/\/hnr2021.historicalnetworkresearch.org\/index.php?rest_route=%2Fwp%2Fv2%2Fmedia&parent=125"}],"curies":[{"name":"wp","href":"https:\/\/api.w.org\/{rel}","templated":true}]}}